{"id":122,"date":"2018-02-08T18:00:33","date_gmt":"2018-02-08T16:00:33","guid":{"rendered":"http:\/\/www.soilimaria.fi\/?page_id=122"},"modified":"2024-03-20T18:40:42","modified_gmt":"2024-03-20T16:40:42","slug":"mutkat-suoriksi","status":"publish","type":"page","link":"https:\/\/www.soilimaria.fi\/","title":{"rendered":""},"content":{"rendered":"\n<p class=\"has-black-color has-text-color has-link-color wp-elements-f461a2bb9aac70faeede57ff78046055\">Vuodesta 2013<span style=\"background-color:rgba(0, 0, 0, 0)\" class=\"has-inline-color has-black-color\"> tavoitteeni on ollut edist\u00e4\u00e4 selv\u00e4\u00e4, <br>saavutettavaa ja yhdenvertaista viestint\u00e4\u00e4.<\/span><\/p>\n\n\n\n<p><span style=\"background-color:rgba(0, 0, 0, 0)\" class=\"has-inline-color has-black-color\">Muokkaan vaikeaselkoisia materiaaleja<br>selkokielelle tai selke\u00e4lle yleiskielelle<\/span>.<\/p>\n\n\n\n<p><span style=\"background-color:rgba(0, 0, 0, 0)\" class=\"has-inline-color has-black-color\">Koulutan,<\/span> <span style=\"background-color:rgba(0, 0, 0, 0)\" class=\"has-inline-color has-black-color\">opastan ja konsultoin,<br>kuinka tuottaa ymm\u00e4rrett\u00e4v\u00e4\u00e4<\/span><span style=\"background-color:rgba(0, 0, 0, 0)\" class=\"has-inline-color has-black-color\"> sis\u00e4lt\u00f6\u00e4 saavutettavasti,<br>ja tukkia jokap\u00e4iv\u00e4ist\u00e4 resurssivuotoa.<\/span><\/p>\n\n\n\n<p class=\"has-black-color has-text-color has-link-color wp-elements-97fb0a59e49821e19b073e93598d823b\"><span style=\"background-color:rgba(0, 0, 0, 0)\" class=\"has-inline-color has-black-color\">Taitan ja tuotan julkaisuja <\/span><br><span style=\"background-color:rgba(0, 0, 0, 0)\" class=\"has-inline-color has-black-color\">sek\u00e4 erityisosaamista vaativia selkojulkaisuja.<\/span><br><br><mark style=\"background-color:rgba(0, 0, 0, 0)\" class=\"has-inline-color has-black-color\">Huolehdin, ett\u00e4 julkaisut voi lukea oikein my\u00f6s ruudunlukijalla.<br>Julkaisut t\u00e4ytt\u00e4v\u00e4t WCAG 2.1-vaatimukset,<br>ja testaan aineistot aina my\u00f6s <mark style=\"background-color:rgba(0, 0, 0, 0)\" class=\"has-inline-color has-black-color\">manuaalisesti<\/mark>.<\/mark><\/p>\n\n\n\n<p class=\"has-black-color has-text-color has-link-color wp-elements-e13ab71d0d5ffdcb69893fef6633ca6a\"><span style=\"background-color:rgba(0, 0, 0, 0)\" class=\"has-inline-color has-black-color\">Minulle on t\u00e4rkeint\u00e4,<\/span><br><span style=\"background-color:rgba(0, 0, 0, 0)\" class=\"has-inline-color has-black-color\">ett\u00e4 kuuntelen asiakastani, sinua.<\/span><br><span style=\"background-color:rgba(0, 0, 0, 0)\" class=\"has-inline-color has-black-color\">Se on ty\u00f6ni laadun l\u00e4ht\u00f6kohta.<\/span><br><span style=\"background-color:rgba(0, 0, 0, 0)\" class=\"has-inline-color has-black-color\"><br>Toimintani tarkoitus on,<br>ett\u00e4 sinun osaamisesi kasvaa<\/span><br><mark style=\"background-color:rgba(0, 0, 0, 0)\" class=\"has-inline-color has-black-color\">ja saat ratkaisuja <br>ymm\u00e4rrett\u00e4vyyteen ja saavutettavuuteen.<\/mark><\/p>\n","protected":false},"excerpt":{"rendered":"<p>Vuodesta 2013 tavoitteeni on ollut edist\u00e4\u00e4 selv\u00e4\u00e4, saavutettavaa ja yhdenvertaista viestint\u00e4\u00e4. Muokkaan vaikeaselkoisia materiaalejaselkokielelle tai selke\u00e4lle yleiskielelle. Koulutan, opastan ja konsultoin,kuinka tuottaa ymm\u00e4rrett\u00e4v\u00e4\u00e4 sis\u00e4lt\u00f6\u00e4 saavutettavasti,ja tukkia jokap\u00e4iv\u00e4ist\u00e4 resurssivuotoa. Taitan ja tuotan julkaisuja sek\u00e4 erityisosaamista vaativia selkojulkaisuja. Huolehdin, ett\u00e4 julkaisut voi lukea oikein my\u00f6s ruudunlukijalla.Julkaisut t\u00e4ytt\u00e4v\u00e4t &hellip; <a href=\"https:\/\/www.soilimaria.fi\/\" class=\"more-link\"><span>Continue reading<span class=\"screen-reader-text\"><\/span><\/span><\/a><\/p>\n","protected":false},"author":1,"featured_media":0,"parent":0,"menu_order":0,"comment_status":"closed","ping_status":"closed","template":"","meta":{"footnotes":""},"class_list":["post-122","page","type-page","status-publish","hentry"],"_links":{"self":[{"href":"https:\/\/www.soilimaria.fi\/index.php?rest_route=\/wp\/v2\/pages\/122","targetHints":{"allow":["GET"]}}],"collection":[{"href":"https:\/\/www.soilimaria.fi\/index.php?rest_route=\/wp\/v2\/pages"}],"about":[{"href":"https:\/\/www.soilimaria.fi\/index.php?rest_route=\/wp\/v2\/types\/page"}],"author":[{"embeddable":true,"href":"https:\/\/www.soilimaria.fi\/index.php?rest_route=\/wp\/v2\/users\/1"}],"replies":[{"embeddable":true,"href":"https:\/\/www.soilimaria.fi\/index.php?rest_route=%2Fwp%2Fv2%2Fcomments&post=122"}],"version-history":[{"count":93,"href":"https:\/\/www.soilimaria.fi\/index.php?rest_route=\/wp\/v2\/pages\/122\/revisions"}],"predecessor-version":[{"id":963,"href":"https:\/\/www.soilimaria.fi\/index.php?rest_route=\/wp\/v2\/pages\/122\/revisions\/963"}],"wp:attachment":[{"href":"https:\/\/www.soilimaria.fi\/index.php?rest_route=%2Fwp%2Fv2%2Fmedia&parent=122"}],"curies":[{"name":"wp","href":"https:\/\/api.w.org\/{rel}","templated":true}]}}