{"id":309,"date":"2023-06-26T16:00:59","date_gmt":"2023-06-26T13:00:59","guid":{"rendered":"https:\/\/www.soilimaria.fi\/?page_id=309"},"modified":"2024-03-21T11:15:17","modified_gmt":"2024-03-21T09:15:17","slug":"referenssit","status":"publish","type":"page","link":"https:\/\/www.soilimaria.fi\/?page_id=309","title":{"rendered":"TAIDOT JA TY\u00d6T"},"content":{"rendered":"\n<p class=\"has-black-color has-text-color has-link-color wp-elements-8770279928422cf7989f4a1e4af9758a\">Olen viestinn\u00e4n tekij\u00e4, jonka sis\u00e4inen motivaatio kumpuaa rakkaudesta ymm\u00e4rrett\u00e4v\u00e4\u00e4n kieleen. Selkokieli ja selke\u00e4 viestint\u00e4 innostavat minua, sill\u00e4 niiden avulla edist\u00e4n kielellist\u00e4 demokratiaa ja tehostan asiakkaitteni toimintaa.<\/p>\n\n\n\n<h3 class=\"wp-block-heading has-text-align-center\">OSAAMINEN<\/h3>\n\n\n\n<p class=\"has-black-color has-text-color has-link-color wp-elements-c38e461bd2b6a57f3fcff4fd6d4cdd00\">Aikaisemmassa ty\u00f6ss\u00e4ni<span style=\"background-color:rgba(0, 0, 0, 0)\" class=\"has-inline-color has-black-color\"> olen kehitt\u00e4nyt selkokielen simulaatiopainotteista korkeakouluopetusta sek\u00e4 verkkopedagogiikkaa sosiaali- ja terveysalalla. Siksi olen<strong> <\/strong>vuoden selv\u00e4sanainen 2021.<\/span><span style=\"background-color:rgba(0, 0, 0, 0)\" class=\"has-inline-color has-vivid-cyan-blue-color\"> <\/span><a href=\"https:\/\/selkokeskus.fi\/tietoa-meista\/tapahtumat-ja-kampanjat\/vuoden-selvasanainen\/vuoden-selvasanainen-2021\/\" target=\"_blank\" rel=\"noreferrer noopener\"><em><span style=\"background-color:rgba(0, 0, 0, 0)\" class=\"has-inline-color has-vivid-cyan-blue-color\">Lue lis\u00e4\u00e4!<\/span><\/em><\/a><\/p>\n\n\n\n<p class=\"has-vivid-cyan-blue-color has-text-color has-link-color wp-elements-cb1a7fc8a02f5d82a274beb1ae8135b2\"><span style=\"background-color:rgba(0, 0, 0, 0)\" class=\"has-inline-color has-black-color\">Olen my\u00f6s opettanut suomea S2-kielen\u00e4 vuodesta 2007. <\/span><\/p>\n\n\n\n<p class=\"has-black-color has-text-color has-link-color wp-elements-c4d471c8f1dc2b8463b21b51e7949f7e\">Minulla on laaja verkosto alan toimijoihin ja -tutkijoihin Suomessa ja ulkomailla. Se on parvi, jossa lenn\u00e4n. On hienoa olla osaavien ihmisten joukossa, joilta voi oppia jatkuvasti. Kuulun <a href=\"https:\/\/selkokeskus.fi\/tietoa-meista\/selkokeskuksen-asiantuntijat\/\" data-type=\"link\" data-id=\"https:\/\/selkokeskus.fi\/tietoa-meista\/selkokeskuksen-asiantuntijat\/\"><mark style=\"background-color:rgba(0, 0, 0, 0)\" class=\"has-inline-color has-vivid-cyan-blue-color\">Selkokeskuksen asiantuntijoihin<\/mark><\/a> sek\u00e4 selkokielen tutkijoiden<strong><mark style=\"background-color:rgba(0, 0, 0, 0)\" class=\"has-inline-color has-vivid-cyan-blue-color\"> <\/mark><\/strong><a href=\"https:\/\/blogs.helsinki.fi\/klaara-network\/\" data-type=\"link\" data-id=\"https:\/\/blogs.helsinki.fi\/klaara-network\/\"><mark style=\"background-color:rgba(0, 0, 0, 0)\" class=\"has-inline-color has-vivid-cyan-blue-color\">Klaara-verkoston<\/mark><\/a><strong><mark style=\"background-color:rgba(0, 0, 0, 0)\" class=\"has-inline-color has-vivid-cyan-blue-color\"><a href=\"https:\/\/blogs.helsinki.fi\/klaara-network\/\" data-type=\"link\" data-id=\"https:\/\/blogs.helsinki.fi\/klaara-network\/\"> <\/a><\/mark><\/strong>ohjausryhm\u00e4\u00e4n.<\/p>\n\n\n\n<p class=\"has-black-color has-text-color has-link-color wp-elements-bfc48396da44d453b2bbcea4e9c928aa\"><br><\/p>\n\n\n\n<p><\/p>\n\n\n\n<h3 class=\"wp-block-heading has-text-align-center\">YHTEISTY\u00d6KUMPPANEITA ERI ALOILTA<\/h3>\n\n\n\n<div class=\"wp-block-group\"><div class=\"wp-block-group__inner-container is-layout-constrained wp-block-group-is-layout-constrained\">\n<div class=\"wp-block-columns is-layout-flex wp-container-core-columns-is-layout-9d6595d7 wp-block-columns-is-layout-flex\">\n<div class=\"wp-block-column is-vertically-aligned-center is-layout-flow wp-block-column-is-layout-flow\" style=\"flex-basis:100%\">\n<div class=\"wp-block-columns is-not-stacked-on-mobile is-layout-flex wp-container-core-columns-is-layout-9d6595d7 wp-block-columns-is-layout-flex\">\n<div class=\"wp-block-column is-layout-flow wp-block-column-is-layout-flow\" style=\"flex-basis:5000px\"><div class=\"wp-block-image\">\n<figure class=\"aligncenter size-medium\"><a href=\"https:\/\/www.tuohipurje.fi\/\"><img loading=\"lazy\" decoding=\"async\" width=\"300\" height=\"136\" src=\"https:\/\/www.soilimaria.fi\/wp-content\/uploads\/2024\/02\/terapia-tuohipurje-300x136.png\" alt=\"Terapia Tuohipurjeen logossa on sinisill\u00e4 aalloilla keinuva valkea purje.\" class=\"wp-image-818\" srcset=\"https:\/\/www.soilimaria.fi\/wp-content\/uploads\/2024\/02\/terapia-tuohipurje-300x136.png 300w, https:\/\/www.soilimaria.fi\/wp-content\/uploads\/2024\/02\/terapia-tuohipurje-768x349.png 768w, https:\/\/www.soilimaria.fi\/wp-content\/uploads\/2024\/02\/terapia-tuohipurje.png 780w\" sizes=\"auto, (max-width: 300px) 100vw, 300px\" \/><\/a><\/figure>\n<\/div>\n\n\n<div class=\"wp-block-group has-white-background-color has-background\"><div class=\"wp-block-group__inner-container is-layout-constrained wp-block-group-is-layout-constrained\"><div class=\"wp-block-image\">\n<figure class=\"aligncenter size-medium\"><a href=\"https:\/\/www.andcreative.fi\/\"><img loading=\"lazy\" decoding=\"async\" width=\"300\" height=\"300\" src=\"https:\/\/www.soilimaria.fi\/wp-content\/uploads\/2024\/03\/and_logo_www1-300x300.png\" alt=\"&amp;creativen logo, jossa sininen et cetera-merkki ja teksti andcreative\" class=\"wp-image-943\" srcset=\"https:\/\/www.soilimaria.fi\/wp-content\/uploads\/2024\/03\/and_logo_www1-300x300.png 300w, https:\/\/www.soilimaria.fi\/wp-content\/uploads\/2024\/03\/and_logo_www1-1024x1024.png 1024w, https:\/\/www.soilimaria.fi\/wp-content\/uploads\/2024\/03\/and_logo_www1-150x150.png 150w, https:\/\/www.soilimaria.fi\/wp-content\/uploads\/2024\/03\/and_logo_www1-768x768.png 768w, https:\/\/www.soilimaria.fi\/wp-content\/uploads\/2024\/03\/and_logo_www1-533x533.png 533w, https:\/\/www.soilimaria.fi\/wp-content\/uploads\/2024\/03\/and_logo_www1-640x640.png 640w, https:\/\/www.soilimaria.fi\/wp-content\/uploads\/2024\/03\/and_logo_www1-864x864.png 864w, https:\/\/www.soilimaria.fi\/wp-content\/uploads\/2024\/03\/and_logo_www1.png 1080w\" sizes=\"auto, (max-width: 300px) 100vw, 300px\" \/><\/a><\/figure>\n<\/div>\n\n<div class=\"wp-block-image\">\n<figure class=\"aligncenter size-medium is-resized\"><a href=\"https:\/\/www.evantia.fi\/tulkin-matka-selkomukauttajaksi\/\" target=\"_blank\" rel=\"noreferrer noopener\"><img loading=\"lazy\" decoding=\"async\" width=\"300\" height=\"216\" src=\"https:\/\/www.soilimaria.fi\/wp-content\/uploads\/2023\/06\/Evantia_pysty_slogan_RGB-300x216.png\" alt=\"Evantian logo on pallo, jonka sis\u00e4ll\u00e4 on turkooseja, oransseja ja keltaisia palloja sek\u00e4 teksti: Evantia - kommunikointi kuuluu kaikille.\" class=\"wp-image-311\" style=\"width:396px;height:auto\" srcset=\"https:\/\/www.soilimaria.fi\/wp-content\/uploads\/2023\/06\/Evantia_pysty_slogan_RGB-300x216.png 300w, https:\/\/www.soilimaria.fi\/wp-content\/uploads\/2023\/06\/Evantia_pysty_slogan_RGB-1024x737.png 1024w, https:\/\/www.soilimaria.fi\/wp-content\/uploads\/2023\/06\/Evantia_pysty_slogan_RGB-768x553.png 768w, https:\/\/www.soilimaria.fi\/wp-content\/uploads\/2023\/06\/Evantia_pysty_slogan_RGB-1536x1106.png 1536w, https:\/\/www.soilimaria.fi\/wp-content\/uploads\/2023\/06\/Evantia_pysty_slogan_RGB-2048x1475.png 2048w\" sizes=\"auto, (max-width: 300px) 100vw, 300px\" \/><\/a><\/figure>\n<\/div>\n\n<div class=\"wp-block-image\">\n<figure class=\"aligncenter size-thumbnail is-resized\"><a href=\"https:\/\/www.aattelu.com\/\" target=\"_blank\" rel=\"noreferrer noopener\"><img loading=\"lazy\" decoding=\"async\" width=\"150\" height=\"150\" src=\"https:\/\/www.soilimaria.fi\/wp-content\/uploads\/2024\/02\/Aattelu-logo-2023-150x150.webp\" alt=\"Aattelu Oy:n logossa on punainen A-kirjain sek\u00e4 teksti: Kaikella rakkaudella!\" class=\"wp-image-751\" style=\"width:252px;height:auto\" srcset=\"https:\/\/www.soilimaria.fi\/wp-content\/uploads\/2024\/02\/Aattelu-logo-2023-150x150.webp 150w, https:\/\/www.soilimaria.fi\/wp-content\/uploads\/2024\/02\/Aattelu-logo-2023-533x533.webp 533w\" sizes=\"auto, (max-width: 150px) 100vw, 150px\" \/><\/a><\/figure>\n<\/div>\n\n\n<p class=\"has-text-align-center\"><strong>Kaikella rakkaudella!<\/strong><\/p>\n\n\n<div class=\"wp-block-image\">\n<figure class=\"aligncenter size-full is-resized\"><a href=\"https:\/\/www.iisalmi.fi\/Suomeksi\/Palvelut\/Maaseutu--ja-lomituspalvelut\/Pohjois-Savon-lomituspalvelut\" target=\"_blank\" rel=\"noreferrer noopener\"><img loading=\"lazy\" decoding=\"async\" width=\"300\" height=\"300\" src=\"https:\/\/www.soilimaria.fi\/wp-content\/uploads\/2024\/01\/Logo3-3.jpg\" alt=\"Pohjois-Savon lomituspalveluiden logossa on lehm\u00e4n ja sen hoitajan vihre\u00e4 silhuettikuva sel\u00e4 teksti: Pohjoi-Savon lomituspalvelut.\" class=\"wp-image-668\" style=\"width:254px;height:auto\" srcset=\"https:\/\/www.soilimaria.fi\/wp-content\/uploads\/2024\/01\/Logo3-3.jpg 300w, https:\/\/www.soilimaria.fi\/wp-content\/uploads\/2024\/01\/Logo3-3-150x150.jpg 150w\" sizes=\"auto, (max-width: 300px) 100vw, 300px\" \/><\/a><\/figure>\n<\/div>\n\n<div class=\"wp-block-image\">\n<figure class=\"aligncenter size-large is-resized\"><a href=\"https:\/\/www.makikuisma.fi\/\" target=\"_blank\" rel=\"noreferrer noopener\"><img loading=\"lazy\" decoding=\"async\" width=\"1024\" height=\"382\" src=\"https:\/\/www.soilimaria.fi\/wp-content\/uploads\/2023\/06\/makikuisma_logo_ei_liukua-1024x382.jpg\" alt=\"Hoitola M\u00e4kikuisman logossa on kiinalaisia kirjainmerkkej\u00e4 sek\u00e4 teksti: M\u00e4kikuisma - perinteisen kiinalaisen l\u00e4\u00e4ketieteen hoitoja.\" class=\"wp-image-318\" style=\"width:588px;height:auto\" srcset=\"https:\/\/www.soilimaria.fi\/wp-content\/uploads\/2023\/06\/makikuisma_logo_ei_liukua-1024x382.jpg 1024w, https:\/\/www.soilimaria.fi\/wp-content\/uploads\/2023\/06\/makikuisma_logo_ei_liukua-300x112.jpg 300w, https:\/\/www.soilimaria.fi\/wp-content\/uploads\/2023\/06\/makikuisma_logo_ei_liukua-768x286.jpg 768w, https:\/\/www.soilimaria.fi\/wp-content\/uploads\/2023\/06\/makikuisma_logo_ei_liukua-1536x573.jpg 1536w, https:\/\/www.soilimaria.fi\/wp-content\/uploads\/2023\/06\/makikuisma_logo_ei_liukua.jpg 1772w\" sizes=\"auto, (max-width: 1024px) 100vw, 1024px\" \/><\/a><\/figure>\n<\/div>\n\n<div class=\"wp-block-image\">\n<figure class=\"aligncenter size-large is-resized\"><a href=\"https:\/\/pohjois-savo.mtk.fi\/\" target=\"_blank\" rel=\"noreferrer noopener\"><img loading=\"lazy\" decoding=\"async\" width=\"1024\" height=\"732\" src=\"https:\/\/www.soilimaria.fi\/wp-content\/uploads\/2024\/02\/MTKpLE13_P-Savo____V___CMYK-1024x732.png\" alt=\"MTK-Pohjois-Savon logossa on keltavihersininen M-kirjain sek\u00e4 teksti MTK-Pohjois-Savo.\" class=\"wp-image-804\" style=\"width:438px;height:auto\" srcset=\"https:\/\/www.soilimaria.fi\/wp-content\/uploads\/2024\/02\/MTKpLE13_P-Savo____V___CMYK-1024x732.png 1024w, https:\/\/www.soilimaria.fi\/wp-content\/uploads\/2024\/02\/MTKpLE13_P-Savo____V___CMYK-300x214.png 300w, https:\/\/www.soilimaria.fi\/wp-content\/uploads\/2024\/02\/MTKpLE13_P-Savo____V___CMYK-768x549.png 768w, https:\/\/www.soilimaria.fi\/wp-content\/uploads\/2024\/02\/MTKpLE13_P-Savo____V___CMYK.png 1181w\" sizes=\"auto, (max-width: 1024px) 100vw, 1024px\" \/><\/a><\/figure>\n<\/div><\/div><\/div>\n<\/div>\n<\/div>\n<\/div>\n<\/div>\n\n\n\n<p><\/p>\n<\/div><\/div>\n","protected":false},"excerpt":{"rendered":"<p>Olen viestinn\u00e4n tekij\u00e4, jonka sis\u00e4inen motivaatio kumpuaa rakkaudesta ymm\u00e4rrett\u00e4v\u00e4\u00e4n kieleen. Selkokieli ja selke\u00e4 viestint\u00e4 innostavat minua, sill\u00e4 niiden avulla edist\u00e4n kielellist\u00e4 demokratiaa ja tehostan asiakkaitteni toimintaa. OSAAMINEN Aikaisemmassa ty\u00f6ss\u00e4ni olen kehitt\u00e4nyt selkokielen simulaatiopainotteista korkeakouluopetusta sek\u00e4 verkkopedagogiikkaa sosiaali- ja terveysalalla. Siksi olen vuoden selv\u00e4sanainen 2021. Lue &hellip; <a href=\"https:\/\/www.soilimaria.fi\/?page_id=309\" class=\"more-link\"><span>Continue reading<span class=\"screen-reader-text\">TAIDOT JA TY\u00d6T<\/span><\/span><\/a><\/p>\n","protected":false},"author":1,"featured_media":0,"parent":0,"menu_order":0,"comment_status":"closed","ping_status":"closed","template":"","meta":{"footnotes":""},"class_list":["post-309","page","type-page","status-publish","hentry"],"_links":{"self":[{"href":"https:\/\/www.soilimaria.fi\/index.php?rest_route=\/wp\/v2\/pages\/309","targetHints":{"allow":["GET"]}}],"collection":[{"href":"https:\/\/www.soilimaria.fi\/index.php?rest_route=\/wp\/v2\/pages"}],"about":[{"href":"https:\/\/www.soilimaria.fi\/index.php?rest_route=\/wp\/v2\/types\/page"}],"author":[{"embeddable":true,"href":"https:\/\/www.soilimaria.fi\/index.php?rest_route=\/wp\/v2\/users\/1"}],"replies":[{"embeddable":true,"href":"https:\/\/www.soilimaria.fi\/index.php?rest_route=%2Fwp%2Fv2%2Fcomments&post=309"}],"version-history":[{"count":268,"href":"https:\/\/www.soilimaria.fi\/index.php?rest_route=\/wp\/v2\/pages\/309\/revisions"}],"predecessor-version":[{"id":968,"href":"https:\/\/www.soilimaria.fi\/index.php?rest_route=\/wp\/v2\/pages\/309\/revisions\/968"}],"wp:attachment":[{"href":"https:\/\/www.soilimaria.fi\/index.php?rest_route=%2Fwp%2Fv2%2Fmedia&parent=309"}],"curies":[{"name":"wp","href":"https:\/\/api.w.org\/{rel}","templated":true}]}}