{"id":39,"date":"2018-02-04T23:00:52","date_gmt":"2018-02-04T21:00:52","guid":{"rendered":"http:\/\/www.soilimaria.fi\/?page_id=39"},"modified":"2024-05-22T09:55:30","modified_gmt":"2024-05-22T06:55:30","slug":"kassara","status":"publish","type":"page","link":"https:\/\/www.soilimaria.fi\/?page_id=39","title":{"rendered":"SELKE\u00c4 KIELI"},"content":{"rendered":"\n<p><\/p>\n\n\n\n<p><\/p>\n\n\n\n<p class=\"has-text-align-left\"><span style=\"color: #000000;\"><span class=\"has-inline-color has-black-color\">Vaikeuttaako arkeasi monimutkainen kieli?<\/span><\/span><\/p>\n\n\n\n<h2 class=\"wp-block-heading\"><span style=\"background-color:rgba(0, 0, 0, 0)\" class=\"has-inline-color has-black-color\">Tekstipalvelut<\/span><\/h2>\n\n\n\n<p><span style=\"background-color:rgba(0, 0, 0, 0)\" class=\"has-inline-color has-black-color\">Selvit\u00e4n ja ratkon teksteihin liittyvi\u00e4 ongelmia.<br><span style=\"color: #000000;\">Muokkaan<strong> <\/strong>vaikeaselkoisen tekstin ymm\u00e4rrett\u00e4v\u00e4mm\u00e4ksi.<\/span><\/span><br><span style=\"background-color:rgba(0, 0, 0, 0)\" class=\"has-inline-color has-black-color\"><br>Tyypillisesti muokattava teksti on raportti, selvitys tai katsaus,<br>jonka on t\u00e4rke\u00e4\u00e4 tavoittaa kohderyhm\u00e4 ilman tyhj\u00e4k\u00e4ynti\u00e4.<\/span><br><span style=\"background-color:rgba(0, 0, 0, 0)\" class=\"has-inline-color has-black-color\">T\u00e4llainen on esimerkiksi vastuullisuusraportti.<\/span><br><br><span style=\"background-color:rgba(0, 0, 0, 0)\" class=\"has-inline-color has-black-color\"><span style=\"color: #000000;\">Materiaali voi olla my\u00f6s esimerkiksi podcast tai video,<\/span><\/span><br><span style=\"background-color:rgba(0, 0, 0, 0)\" class=\"has-inline-color has-black-color\"><span style=\"color: #000000;\">joka tarvitsee tekstityksen.&nbsp; <\/span><\/span><\/p>\n\n\n\n<p><mark style=\"background-color:rgba(0, 0, 0, 0)\" class=\"has-inline-color has-black-color\">Huolehdin, ett\u00e4 tekstin voi lukea oikein my\u00f6s ruudunlukijalla.<br>Julkaisun pdf-tiedosto t\u00e4ytt\u00e4\u00e4 WCAG 2.1-vaatimukset<\/mark><br><mark style=\"background-color:rgba(0, 0, 0, 0)\" class=\"has-inline-color has-black-color\">ja l\u00e4p\u00e4isee ruudunlukutestin.<\/mark><\/p>\n\n\n\n<p><\/p>\n\n\n\n<h2 class=\"wp-block-heading\"><span style=\"background-color:rgba(0, 0, 0, 0)\" class=\"has-inline-color has-black-color\">Koulutuspalvelut<\/span><\/h2>\n\n\n\n<p><span style=\"background-color:rgba(0, 0, 0, 0)\" class=\"has-inline-color has-black-color\">Selkeytt\u00e4 eli tehoa kielen avulla!<\/span><\/p>\n\n\n\n<p><span style=\"color: #000000;\">Opastan sinut ja joukkueesi viestim\u00e4\u00e4n hieman paremmin k<span class=\"has-inline-color has-black-color\">uin muut.<\/span><\/span><br><span class=\"has-inline-color has-black-color\">Resursseja ei valu viem\u00e4riin ja toiminta tehostuu, <br>&#8211; eli muuttuu tuottavammaksi ja turvallisemmaksi.<\/span><\/p>\n\n\n\n<p><span style=\"background-color:rgba(0, 0, 0, 0)\" class=\"has-inline-color has-black-color\"><span style=\"font-size: revert; color: #000000;\">Ty\u00f6pajassa<\/span> haastan osallistujani ajattelemaan uudella tavalla.<\/span><br><span style=\"background-color:rgba(0, 0, 0, 0)\" class=\"has-inline-color has-black-color\">Tuloksena on, ett\u00e4 ymm\u00e4rr\u00e4t<\/span><\/p>\n\n\n\n<ul class=\"wp-block-list\">\n<li><span style=\"background-color:rgba(0, 0, 0, 0)\" class=\"has-inline-color has-black-color\">miss\u00e4 on organisaatiosi kielellinen resurssivuoto<\/span><\/li>\n\n\n\n<li><span style=\"background-color:rgba(0, 0, 0, 0)\" class=\"has-inline-color has-black-color\">mihin kaikkeen kielell\u00e4 on mahdollista vaikuttaa <\/span><\/li>\n\n\n\n<li><span style=\"background-color:rgba(0, 0, 0, 0)\" class=\"has-inline-color has-black-color\">mit\u00e4 on selke\u00e4 kieli ja mitk\u00e4 ovat sen teho-ominaisuudet<\/span><\/li>\n\n\n\n<li><mark style=\"background-color:rgba(0, 0, 0, 0)\" class=\"has-inline-color has-black-color\">kuinka (ty\u00f6)yhteis\u00f6 voi tukea suomea opiskelevaa j\u00e4sent\u00e4\u00e4n<\/mark><\/li>\n\n\n\n<li><mark style=\"background-color:rgba(0, 0, 0, 0)\" class=\"has-inline-color has-black-color\">kuinka ratkaista monikielisyyteen liittyvi\u00e4 haasteita esimerkiksi (ty\u00f6)yhteis\u00f6n arjessa.<\/mark><\/li>\n<\/ul>\n\n\n\n<p><span style=\"background-color:rgba(0, 0, 0, 0)\" class=\"has-inline-color has-black-color\"><span style=\"color: #000000;\">Mukaasi saat ev\u00e4\u00e4t, joilla <\/span>koko yhteis\u00f6 voi toimia paremmin.<br> <br><span style=\"color: #000000;\">Koulutuksen muodot voivat olla moninaiset:<\/span><\/span><\/p>\n\n\n\n<ul class=\"wp-block-list\">\n<li><span style=\"background-color:rgba(0, 0, 0, 0)\" class=\"has-inline-color has-black-color\"><span style=\"color: #000000;\">ty\u00f6pajat yhteisess\u00e4 tilassa<\/span><\/span><\/li>\n\n\n\n<li><span style=\"background-color:rgba(0, 0, 0, 0)\" class=\"has-inline-color has-black-color\">paloiteltu <span style=\"color: #000000;\">webinaari verkossa<\/span><\/span><\/li>\n\n\n\n<li><span style=\"background-color:rgba(0, 0, 0, 0)\" class=\"has-inline-color has-black-color\"><span style=\"color: #000000;\">harjoituspaketti s\u00e4hk\u00f6isell\u00e4 alustalla<\/span><\/span><\/li>\n\n\n\n<li><span style=\"background-color:rgba(0, 0, 0, 0)\" class=\"has-inline-color has-black-color\">liikuntahaasteella twistattu lenkkipodcast-sarja<\/span><\/li>\n\n\n\n<li><span style=\"background-color:rgba(0, 0, 0, 0)\" class=\"has-inline-color has-black-color\">intrasta kuunneltava, tavallista freesimpi perehdytysopas<\/span>.<\/li>\n<\/ul>\n\n\n\n<p><span style=\"background-color:rgba(0, 0, 0, 0)\" class=\"has-inline-color has-black-color\">Ideoimme yhdess\u00e4, ja sin\u00e4 p\u00e4\u00e4t\u00e4t. <br>Minun tavoitteeni on, ett\u00e4 sinun osaamisesi lis\u00e4\u00e4ntyy.<\/span><\/p>\n\n\n\n<p><\/p>\n","protected":false},"excerpt":{"rendered":"<p>Vaikeuttaako arkeasi monimutkainen kieli? Tekstipalvelut Selvit\u00e4n ja ratkon teksteihin liittyvi\u00e4 ongelmia.Muokkaan vaikeaselkoisen tekstin ymm\u00e4rrett\u00e4v\u00e4mm\u00e4ksi.Tyypillisesti muokattava teksti on raportti, selvitys tai katsaus,jonka on t\u00e4rke\u00e4\u00e4 tavoittaa kohderyhm\u00e4 ilman tyhj\u00e4k\u00e4ynti\u00e4.T\u00e4llainen on esimerkiksi vastuullisuusraportti. Materiaali voi olla my\u00f6s esimerkiksi podcast tai video,joka tarvitsee tekstityksen.&nbsp; Huolehdin, ett\u00e4 tekstin voi lukea &hellip; <a href=\"https:\/\/www.soilimaria.fi\/?page_id=39\" class=\"more-link\"><span>Continue reading<span class=\"screen-reader-text\">SELKE\u00c4 KIELI<\/span><\/span><\/a><\/p>\n","protected":false},"author":1,"featured_media":0,"parent":0,"menu_order":0,"comment_status":"closed","ping_status":"closed","template":"","meta":{"footnotes":""},"class_list":["post-39","page","type-page","status-publish","hentry"],"_links":{"self":[{"href":"https:\/\/www.soilimaria.fi\/index.php?rest_route=\/wp\/v2\/pages\/39","targetHints":{"allow":["GET"]}}],"collection":[{"href":"https:\/\/www.soilimaria.fi\/index.php?rest_route=\/wp\/v2\/pages"}],"about":[{"href":"https:\/\/www.soilimaria.fi\/index.php?rest_route=\/wp\/v2\/types\/page"}],"author":[{"embeddable":true,"href":"https:\/\/www.soilimaria.fi\/index.php?rest_route=\/wp\/v2\/users\/1"}],"replies":[{"embeddable":true,"href":"https:\/\/www.soilimaria.fi\/index.php?rest_route=%2Fwp%2Fv2%2Fcomments&post=39"}],"version-history":[{"count":104,"href":"https:\/\/www.soilimaria.fi\/index.php?rest_route=\/wp\/v2\/pages\/39\/revisions"}],"predecessor-version":[{"id":984,"href":"https:\/\/www.soilimaria.fi\/index.php?rest_route=\/wp\/v2\/pages\/39\/revisions\/984"}],"wp:attachment":[{"href":"https:\/\/www.soilimaria.fi\/index.php?rest_route=%2Fwp%2Fv2%2Fmedia&parent=39"}],"curies":[{"name":"wp","href":"https:\/\/api.w.org\/{rel}","templated":true}]}}